{"id":1535,"date":"2021-12-21T02:18:24","date_gmt":"2021-12-21T02:18:24","guid":{"rendered":"https:\/\/smthemebazar.com\/demo\/housale\/?page_id=1535"},"modified":"2025-11-04T17:05:21","modified_gmt":"2025-11-04T17:05:21","slug":"contact","status":"publish","type":"page","link":"https:\/\/laquinta.ro\/vile\/contact\/","title":{"rendered":"Contact"},"content":{"rendered":"\t\t<div data-elementor-type=\"wp-page\" data-elementor-id=\"1535\" class=\"elementor elementor-1535\">\n\t\t\t\t\t\t<section class=\"elementor-section elementor-top-section elementor-element elementor-element-c2d7d95 elementor-section-stretched elementor-section-boxed elementor-section-height-default elementor-section-height-default\" data-id=\"c2d7d95\" data-element_type=\"section\" data-settings=\"{&quot;stretch_section&quot;:&quot;section-stretched&quot;}\">\n\t\t\t\t\t\t<div class=\"elementor-container elementor-column-gap-default\">\n\t\t\t\t\t<div class=\"elementor-column elementor-col-33 elementor-top-column elementor-element elementor-element-dee9d47\" data-id=\"dee9d47\" data-element_type=\"column\">\n\t\t\t<div class=\"elementor-widget-wrap elementor-element-populated\">\n\t\t\t\t\t\t<div class=\"elementor-element elementor-element-88c24aa team-single-sub-heading elementor-widget elementor-widget-heading\" data-id=\"88c24aa\" data-element_type=\"widget\" data-widget_type=\"heading.default\">\n\t\t\t\t\t<h4 class=\"elementor-heading-title elementor-size-default\">Date de contact<\/h4>\t\t\t\t<\/div>\n\t\t\t\t<div class=\"elementor-element elementor-element-d2b57ba team-single-title elementor-widget elementor-widget-heading\" data-id=\"d2b57ba\" data-element_type=\"widget\" data-widget_type=\"heading.default\">\n\t\t\t\t\t<h2 class=\"elementor-heading-title elementor-size-default\">\n0744 818 808<br>\n\noffice@laquinta.ro<\/h2>\t\t\t\t<\/div>\n\t\t\t\t\t<\/div>\n\t\t<\/div>\n\t\t\t\t<div class=\"elementor-column elementor-col-33 elementor-top-column elementor-element elementor-element-d559b39\" data-id=\"d559b39\" data-element_type=\"column\">\n\t\t\t<div class=\"elementor-widget-wrap elementor-element-populated\">\n\t\t\t\t\t\t<div class=\"elementor-element elementor-element-0d20ced team-single-sub-heading elementor-widget elementor-widget-heading\" data-id=\"0d20ced\" data-element_type=\"widget\" data-widget_type=\"heading.default\">\n\t\t\t\t\t<h4 class=\"elementor-heading-title elementor-size-default\">Adresa <\/h4>\t\t\t\t<\/div>\n\t\t\t\t<div class=\"elementor-element elementor-element-40c657f team-single-title elementor-widget elementor-widget-heading\" data-id=\"40c657f\" data-element_type=\"widget\" data-widget_type=\"heading.default\">\n\t\t\t\t\t<h2 class=\"elementor-heading-title elementor-size-default\">\nStrada Petru Rares Nr 9 <br>Voluntari, Ilfov<\/h2>\t\t\t\t<\/div>\n\t\t\t\t\t<\/div>\n\t\t<\/div>\n\t\t\t\t<div class=\"elementor-column elementor-col-33 elementor-top-column elementor-element elementor-element-cd579f8\" data-id=\"cd579f8\" data-element_type=\"column\">\n\t\t\t<div class=\"elementor-widget-wrap elementor-element-populated\">\n\t\t\t\t\t\t<div class=\"elementor-element elementor-element-0a5bee3 team-single-sub-heading elementor-widget elementor-widget-heading\" data-id=\"0a5bee3\" data-element_type=\"widget\" data-widget_type=\"heading.default\">\n\t\t\t\t\t<h4 class=\"elementor-heading-title elementor-size-default\">Social Media<\/h4>\t\t\t\t<\/div>\n\t\t\t\t<div class=\"elementor-element elementor-element-b86c2ca e-grid-align-left elementor-shape-rounded elementor-grid-0 elementor-widget elementor-widget-social-icons\" data-id=\"b86c2ca\" data-element_type=\"widget\" data-widget_type=\"social-icons.default\">\n\t\t\t\t\t\t\t<div class=\"elementor-social-icons-wrapper elementor-grid\" role=\"list\">\n\t\t\t\t\t\t\t<span class=\"elementor-grid-item\" role=\"listitem\">\n\t\t\t\t\t<a class=\"elementor-icon elementor-social-icon elementor-social-icon-facebook elementor-repeater-item-887f40f\" target=\"_blank\">\n\t\t\t\t\t\t<span class=\"elementor-screen-only\">Facebook<\/span>\n\t\t\t\t\t\t<svg aria-hidden=\"true\" class=\"e-font-icon-svg e-fab-facebook\" viewBox=\"0 0 512 512\" xmlns=\"http:\/\/www.w3.org\/2000\/svg\"><path d=\"M504 256C504 119 393 8 256 8S8 119 8 256c0 123.78 90.69 226.38 209.25 245V327.69h-63V256h63v-54.64c0-62.15 37-96.48 93.67-96.48 27.14 0 55.52 4.84 55.52 4.84v61h-31.28c-30.8 0-40.41 19.12-40.41 38.73V256h68.78l-11 71.69h-57.78V501C413.31 482.38 504 379.78 504 256z\"><\/path><\/svg>\t\t\t\t\t<\/a>\n\t\t\t\t<\/span>\n\t\t\t\t\t\t\t<span class=\"elementor-grid-item\" role=\"listitem\">\n\t\t\t\t\t<a class=\"elementor-icon elementor-social-icon elementor-social-icon-twitter elementor-repeater-item-1412f64\" target=\"_blank\">\n\t\t\t\t\t\t<span class=\"elementor-screen-only\">Twitter<\/span>\n\t\t\t\t\t\t<svg aria-hidden=\"true\" class=\"e-font-icon-svg e-fab-twitter\" viewBox=\"0 0 512 512\" xmlns=\"http:\/\/www.w3.org\/2000\/svg\"><path d=\"M459.37 151.716c.325 4.548.325 9.097.325 13.645 0 138.72-105.583 298.558-298.558 298.558-59.452 0-114.68-17.219-161.137-47.106 8.447.974 16.568 1.299 25.34 1.299 49.055 0 94.213-16.568 130.274-44.832-46.132-.975-84.792-31.188-98.112-72.772 6.498.974 12.995 1.624 19.818 1.624 9.421 0 18.843-1.3 27.614-3.573-48.081-9.747-84.143-51.98-84.143-102.985v-1.299c13.969 7.797 30.214 12.67 47.431 13.319-28.264-18.843-46.781-51.005-46.781-87.391 0-19.492 5.197-37.36 14.294-52.954 51.655 63.675 129.3 105.258 216.365 109.807-1.624-7.797-2.599-15.918-2.599-24.04 0-57.828 46.782-104.934 104.934-104.934 30.213 0 57.502 12.67 76.67 33.137 23.715-4.548 46.456-13.32 66.599-25.34-7.798 24.366-24.366 44.833-46.132 57.827 21.117-2.273 41.584-8.122 60.426-16.243-14.292 20.791-32.161 39.308-52.628 54.253z\"><\/path><\/svg>\t\t\t\t\t<\/a>\n\t\t\t\t<\/span>\n\t\t\t\t\t\t\t<span class=\"elementor-grid-item\" role=\"listitem\">\n\t\t\t\t\t<a class=\"elementor-icon elementor-social-icon elementor-social-icon-youtube elementor-repeater-item-7e9c4bc\" target=\"_blank\">\n\t\t\t\t\t\t<span class=\"elementor-screen-only\">Youtube<\/span>\n\t\t\t\t\t\t<svg aria-hidden=\"true\" class=\"e-font-icon-svg e-fab-youtube\" viewBox=\"0 0 576 512\" xmlns=\"http:\/\/www.w3.org\/2000\/svg\"><path d=\"M549.655 124.083c-6.281-23.65-24.787-42.276-48.284-48.597C458.781 64 288 64 288 64S117.22 64 74.629 75.486c-23.497 6.322-42.003 24.947-48.284 48.597-11.412 42.867-11.412 132.305-11.412 132.305s0 89.438 11.412 132.305c6.281 23.65 24.787 41.5 48.284 47.821C117.22 448 288 448 288 448s170.78 0 213.371-11.486c23.497-6.321 42.003-24.171 48.284-47.821 11.412-42.867 11.412-132.305 11.412-132.305s0-89.438-11.412-132.305zm-317.51 213.508V175.185l142.739 81.205-142.739 81.201z\"><\/path><\/svg>\t\t\t\t\t<\/a>\n\t\t\t\t<\/span>\n\t\t\t\t\t<\/div>\n\t\t\t\t\t\t<\/div>\n\t\t\t\t\t<\/div>\n\t\t<\/div>\n\t\t\t\t\t<\/div>\n\t\t<\/section>\n\t\t\t\t<section class=\"elementor-section elementor-top-section elementor-element elementor-element-be78fe9 elementor-section-stretched elementor-section-boxed elementor-section-height-default elementor-section-height-default\" data-id=\"be78fe9\" data-element_type=\"section\" data-settings=\"{&quot;stretch_section&quot;:&quot;section-stretched&quot;}\">\n\t\t\t\t\t\t<div class=\"elementor-container elementor-column-gap-default\">\n\t\t\t\t\t<div class=\"elementor-column elementor-col-50 elementor-top-column elementor-element elementor-element-d422850\" data-id=\"d422850\" data-element_type=\"column\">\n\t\t\t<div class=\"elementor-widget-wrap elementor-element-populated\">\n\t\t\t\t\t\t<div class=\"elementor-element elementor-element-b66f042 elementor-widget elementor-widget-html\" data-id=\"b66f042\" data-element_type=\"widget\" data-widget_type=\"html.default\">\n\t\t\t\t\t<iframe src=\"https:\/\/www.google.com\/maps\/embed?pb=!1m17!1m12!1m3!1d10180.721375272458!2d26.091048717421902!3d44.509681973559665!2m3!1f0!2f0!3f0!3m2!1i1024!2i768!4f13.1!3m2!1m1!2s!5e1!3m2!1sro!2sro!4v1762182890976!5m2!1sro!2sro\" width=\"600\" height=\"450\" style=\"border:0;\" allowfullscreen=\"\" loading=\"lazy\" referrerpolicy=\"no-referrer-when-downgrade\"><\/iframe>\t\t\t\t<\/div>\n\t\t\t\t\t<\/div>\n\t\t<\/div>\n\t\t\t\t<div class=\"elementor-column elementor-col-50 elementor-top-column elementor-element elementor-element-82d6a83\" data-id=\"82d6a83\" data-element_type=\"column\">\n\t\t\t<div class=\"elementor-widget-wrap elementor-element-populated\">\n\t\t\t\t\t\t<div class=\"elementor-element elementor-element-9e7296a section-title-part elementor-widget elementor-widget-heading\" data-id=\"9e7296a\" data-element_type=\"widget\" data-widget_type=\"heading.default\">\n\t\t\t\t\t<h4 class=\"elementor-heading-title elementor-size-default\">Dore\u0219ti o vizionare?<\/h4>\t\t\t\t<\/div>\n\t\t\t\t<div class=\"elementor-element elementor-element-50d1e29 elementor-widget elementor-widget-heading\" data-id=\"50d1e29\" data-element_type=\"widget\" data-widget_type=\"heading.default\">\n\t\t\t\t\t<h2 class=\"elementor-heading-title elementor-size-default\">Las\u0103-ne datele tale \u0219i unul dintre consultan\u021bii no\u0219tri te va contacta pentru o vizionare personalizat\u0103.<\/h2>\t\t\t\t<\/div>\n\t\t\t\t<div class=\"elementor-element elementor-element-d9999ea elementor-widget elementor-widget-image\" data-id=\"d9999ea\" data-element_type=\"widget\" data-widget_type=\"image.default\">\n\t\t\t\t\t\t\t\t\t\t\t\t\t\t\t<img fetchpriority=\"high\" decoding=\"async\" width=\"640\" height=\"360\" src=\"https:\/\/laquinta.ro\/vile\/wp-content\/uploads\/2025\/10\/WhatsApp-Image-2025-10-30-at-14.26.49-1-1024x576.jpeg\" class=\"attachment-large size-large wp-image-3468\" alt=\"\" srcset=\"https:\/\/laquinta.ro\/vile\/wp-content\/uploads\/2025\/10\/WhatsApp-Image-2025-10-30-at-14.26.49-1-1024x576.jpeg 1024w, https:\/\/laquinta.ro\/vile\/wp-content\/uploads\/2025\/10\/WhatsApp-Image-2025-10-30-at-14.26.49-1-300x169.jpeg 300w, https:\/\/laquinta.ro\/vile\/wp-content\/uploads\/2025\/10\/WhatsApp-Image-2025-10-30-at-14.26.49-1-768x432.jpeg 768w, https:\/\/laquinta.ro\/vile\/wp-content\/uploads\/2025\/10\/WhatsApp-Image-2025-10-30-at-14.26.49-1-1536x864.jpeg 1536w, https:\/\/laquinta.ro\/vile\/wp-content\/uploads\/2025\/10\/WhatsApp-Image-2025-10-30-at-14.26.49-1.jpeg 1600w\" sizes=\"(max-width: 640px) 100vw, 640px\" \/>\t\t\t\t\t\t\t\t\t\t\t\t\t\t\t<\/div>\n\t\t\t\t\t<\/div>\n\t\t<\/div>\n\t\t\t\t\t<\/div>\n\t\t<\/section>\n\t\t<div class=\"elementor-element elementor-element-2fc23d5 e-flex e-con-boxed e-con e-parent\" data-id=\"2fc23d5\" data-element_type=\"container\">\n\t\t\t\t\t<div class=\"e-con-inner\">\n\t\t\t\t<div class=\"elementor-element elementor-element-3386c82 elementor-widget elementor-widget-prime-slider-mercury\" data-id=\"3386c82\" data-element_type=\"widget\" data-widget_type=\"prime-slider-mercury.default\">\n\t\t\t\t\t\n                    <div class=\"bdt-prime-slider-mercury\">\n        <div id=\"bdt-prime-slider-3386c82\" class=\"bdt-mercury-slider elementor-swiper\" data-settings=\"{&quot;autoplay&quot;:{&quot;delay&quot;:5000},&quot;loop&quot;:true,&quot;speed&quot;:900,&quot;effect&quot;:&quot;slide&quot;,&quot;gl&quot;:{&quot;shader&quot;:&quot;random&quot;},&quot;fadeEffect&quot;:{&quot;crossFade&quot;:true},&quot;lazy&quot;:{&quot;loadPrevNext&quot;:&quot;true&quot;},&quot;parallax&quot;:true,&quot;watchSlidesProgress&quot;:true,&quot;slidesPerView&quot;:1,&quot;loopedSlides&quot;:4,&quot;navigation&quot;:{&quot;nextEl&quot;:&quot;#bdt-prime-slider-3386c82 .bdt-button-next&quot;,&quot;prevEl&quot;:&quot;#bdt-prime-slider-3386c82 .bdt-button-prev&quot;},&quot;pagination&quot;:{&quot;el&quot;:&quot;#bdt-prime-slider-3386c82 .swiper-pagination&quot;,&quot;clickable&quot;:&quot;true&quot;}}\">\n            <div class=\"bdt-mercury-image-slider swiper\" role=\"region\" aria-roledescription=\"carousel\" aria-label=\"Mercury Slider\" dir=\"ltr\">\n                <div class=\"swiper-wrapper\">\n        \n        <div class=\"bdt-item  swiper-slide\">\n            <div class=\"bdt-img-wrap\" data-reveal=\"reveal-active\">\n                <img decoding=\"async\" width=\"1920\" height=\"1080\" src=\"https:\/\/laquinta.ro\/vile\/wp-content\/uploads\/2025\/10\/Untitled-design-17.jpg\" class=\"bdt-img swiper-lazy\" alt=\"5 criterii rapide prin care recuno\u0219ti o vil\u0103 bine construit\u0103\" srcset=\"https:\/\/laquinta.ro\/vile\/wp-content\/uploads\/2025\/10\/Untitled-design-17.jpg 1920w, https:\/\/laquinta.ro\/vile\/wp-content\/uploads\/2025\/10\/Untitled-design-17-300x169.jpg 300w, https:\/\/laquinta.ro\/vile\/wp-content\/uploads\/2025\/10\/Untitled-design-17-1024x576.jpg 1024w, https:\/\/laquinta.ro\/vile\/wp-content\/uploads\/2025\/10\/Untitled-design-17-768x432.jpg 768w, https:\/\/laquinta.ro\/vile\/wp-content\/uploads\/2025\/10\/Untitled-design-17-1536x864.jpg 1536w\" sizes=\"(max-width: 1920px) 100vw, 1920px\" \/>            <\/div>\n        <\/div>\n\n        \n        <div class=\"bdt-item  swiper-slide\">\n            <div class=\"bdt-img-wrap\" data-reveal=\"reveal-active\">\n                <img decoding=\"async\" width=\"1920\" height=\"1080\" src=\"https:\/\/laquinta.ro\/vile\/wp-content\/uploads\/2025\/10\/Untitled-design-16.jpg\" class=\"bdt-img swiper-lazy\" alt=\"Arhitectur\u0103 contemporan\u0103, confort real\" srcset=\"https:\/\/laquinta.ro\/vile\/wp-content\/uploads\/2025\/10\/Untitled-design-16.jpg 1920w, https:\/\/laquinta.ro\/vile\/wp-content\/uploads\/2025\/10\/Untitled-design-16-300x169.jpg 300w, https:\/\/laquinta.ro\/vile\/wp-content\/uploads\/2025\/10\/Untitled-design-16-1024x576.jpg 1024w, https:\/\/laquinta.ro\/vile\/wp-content\/uploads\/2025\/10\/Untitled-design-16-768x432.jpg 768w, https:\/\/laquinta.ro\/vile\/wp-content\/uploads\/2025\/10\/Untitled-design-16-1536x864.jpg 1536w\" sizes=\"(max-width: 1920px) 100vw, 1920px\" \/>            <\/div>\n        <\/div>\n\n                        <\/div>\n                                <div class=\"bdt-navigation-wrap reveal-muted\">\n                    <div class=\"bdt-button-next\">\n                        <i class=\"ps-wi-arrow-right\"><\/i>\n                    <\/div>\n                    <div class=\"bdt-button-prev\">\n                        <i class=\"ps-wi-arrow-left\"><\/i>\n                    <\/div>\n                <\/div>\n                            <\/div>\n                    <div thumbsSlider=\"\" class=\"bdt-mercury-content-slider swiper\">\n                <div class=\"swiper-wrapper\">\n                    \n        <div class=\"bdt-item swiper-slide\">\n            <div class=\"bdt-content\">\n                                                    <div data-swiper-parallax=\"-200\" data-swiper-parallax-duration=\"1000\">\n                        <h3 class=\"bdt-title\" data-reveal=\"reveal-active\">\n\t\t\t\t<a href=\"https:\/\/laquinta.ro\/vile\/5-criterii-rapide-prin-care-recunosti-o-vila-bine-construita\/\" title=\"5 criterii rapide prin care recuno\u0219ti o vil\u0103 bine construit\u0103\">5 criterii rapide prin care recuno\u0219ti o vil\u0103 bine construit\u0103<\/a>\n\t\t\t<\/h3>                    <\/div>\n                \n                        <div class=\"bdt-desc\" data-reveal=\"reveal-active\" data-swiper-parallax=\"-150\" data-swiper-parallax-duration=\"1100\">\n            <p>C\u00e2nd vizionezi o vil\u0103, impresia \u201ewow\u201d poate ascunde detalii tehnice esen\u021biale. Iat\u0103 un ghid scurt, orientat pe fapte, ca s\u0103 evaluezi calitatea real\u0103 \u2014 cu exemple din modul \u00een care<\/p>\n        <\/div>\n        \n                \n            <\/div>\n        <\/div>\n        \n        <div class=\"bdt-item swiper-slide\">\n            <div class=\"bdt-content\">\n                                                    <div data-swiper-parallax=\"-200\" data-swiper-parallax-duration=\"1000\">\n                        <h3 class=\"bdt-title\" data-reveal=\"reveal-active\">\n\t\t\t\t<a href=\"https:\/\/laquinta.ro\/vile\/rhitectura-contemporana-confort-real\/\" title=\"Arhitectur\u0103 contemporan\u0103, confort real\">Arhitectur\u0103 contemporan\u0103, confort real<\/a>\n\t\t\t<\/h3>                    <\/div>\n                \n                        <div class=\"bdt-desc\" data-reveal=\"reveal-active\" data-swiper-parallax=\"-150\" data-swiper-parallax-duration=\"1100\">\n            <p>La Quinta Villas este un ansamblu boutique de 5 vile premium. Arhitectur\u0103 curat\u0103, structur\u0103 robust\u0103 din beton armat, materiale certificate, instala\u021bii premium \u0219i confort termic sporit (inclusiv \u00eenc\u0103lzire \u00een pardoseal\u0103).<\/p>\n        <\/div>\n        \n                \n            <\/div>\n        <\/div>\n                        <\/div>\n            <\/div>\n\n        <\/div>\n        <\/div>\n        \t\t\t\t<\/div>\n\t\t\t\t\t<\/div>\n\t\t\t\t<\/div>\n\t\t<div class=\"elementor-element elementor-element-993ac58 e-flex e-con-boxed e-con e-parent\" data-id=\"993ac58\" data-element_type=\"container\">\n\t\t\t\t\t<div class=\"e-con-inner\">\n\t\t\t\t<div class=\"elementor-element elementor-element-14b696f elementor-align-center elementor-widget elementor-widget-button\" data-id=\"14b696f\" data-element_type=\"widget\" data-widget_type=\"button.default\">\n\t\t\t\t\t\t\t\t\t\t<a class=\"elementor-button elementor-button-link elementor-size-sm\" href=\"https:\/\/laquinta.ro\/vile\/wp-content\/uploads\/2025\/10\/la-quinta-2.pdf\">\n\t\t\t\t\t\t<span class=\"elementor-button-content-wrapper\">\n\t\t\t\t\t\t\t\t\t<span class=\"elementor-button-text\">DESCOPER\u0102 ACUM APARTAMENTELE<\/span>\n\t\t\t\t\t<\/span>\n\t\t\t\t\t<\/a>\n\t\t\t\t\t\t\t\t<\/div>\n\t\t\t\t\t<\/div>\n\t\t\t\t<\/div>\n\t\t\t\t<\/div>\n\t\t","protected":false},"excerpt":{"rendered":"<p>Date de contact 0744 818 808 office@laquinta.ro Adresa Strada Petru Rares Nr 9 Voluntari, Ilfov Social Media Facebook Twitter Youtube Dore\u0219ti o vizionare? Las\u0103-ne datele tale \u0219i unul dintre consultan\u021bii no\u0219tri te va contacta pentru o vizionare personalizat\u0103. 5 criterii rapide prin care recuno\u0219ti o vil\u0103 bine construit\u0103 C\u00e2nd vizionezi o vil\u0103, impresia \u201ewow\u201d poate [&hellip;]<\/p>\n","protected":false},"author":1,"featured_media":0,"parent":0,"menu_order":0,"comment_status":"closed","ping_status":"closed","template":"","meta":{"footnotes":""},"class_list":["post-1535","page","type-page","status-publish","hentry"],"_links":{"self":[{"href":"https:\/\/laquinta.ro\/vile\/wp-json\/wp\/v2\/pages\/1535","targetHints":{"allow":["GET"]}}],"collection":[{"href":"https:\/\/laquinta.ro\/vile\/wp-json\/wp\/v2\/pages"}],"about":[{"href":"https:\/\/laquinta.ro\/vile\/wp-json\/wp\/v2\/types\/page"}],"author":[{"embeddable":true,"href":"https:\/\/laquinta.ro\/vile\/wp-json\/wp\/v2\/users\/1"}],"replies":[{"embeddable":true,"href":"https:\/\/laquinta.ro\/vile\/wp-json\/wp\/v2\/comments?post=1535"}],"version-history":[{"count":73,"href":"https:\/\/laquinta.ro\/vile\/wp-json\/wp\/v2\/pages\/1535\/revisions"}],"predecessor-version":[{"id":3759,"href":"https:\/\/laquinta.ro\/vile\/wp-json\/wp\/v2\/pages\/1535\/revisions\/3759"}],"wp:attachment":[{"href":"https:\/\/laquinta.ro\/vile\/wp-json\/wp\/v2\/media?parent=1535"}],"curies":[{"name":"wp","href":"https:\/\/api.w.org\/{rel}","templated":true}]}}