{"id":1943,"date":"2022-03-01T09:47:37","date_gmt":"2022-03-01T09:47:37","guid":{"rendered":"https:\/\/smthemebazar.com\/demo\/housale\/?page_id=1943"},"modified":"2025-11-13T11:27:01","modified_gmt":"2025-11-13T11:27:01","slug":"vile","status":"publish","type":"page","link":"https:\/\/laquinta.ro\/vile\/vile\/","title":{"rendered":"Vile"},"content":{"rendered":"\t\t<div data-elementor-type=\"wp-page\" data-elementor-id=\"1943\" class=\"elementor elementor-1943\">\n\t\t\t\t<div class=\"elementor-element elementor-element-79b2f4e e-flex e-con-boxed e-con e-parent\" data-id=\"79b2f4e\" data-element_type=\"container\">\n\t\t\t\t\t<div class=\"e-con-inner\">\n\t\t\t\t<div class=\"elementor-element elementor-element-ca49646 elementor-widget elementor-widget-spacer\" data-id=\"ca49646\" data-element_type=\"widget\" data-widget_type=\"spacer.default\">\n\t\t\t\t\t\t\t<div class=\"elementor-spacer\">\n\t\t\t<div class=\"elementor-spacer-inner\"><\/div>\n\t\t<\/div>\n\t\t\t\t\t\t<\/div>\n\t\t\t\t\t<\/div>\n\t\t\t\t<\/div>\n\t\t<div class=\"elementor-element elementor-element-4012621 e-flex e-con-boxed e-con e-parent\" data-id=\"4012621\" data-element_type=\"container\">\n\t\t\t\t\t<div class=\"e-con-inner\">\n\t\t\t\t<div class=\"elementor-element elementor-element-cce4e7d elementor-widget elementor-widget-text-editor\" data-id=\"cce4e7d\" data-element_type=\"widget\" data-widget_type=\"text-editor.default\">\n\t\t\t\t\t\t\t\t\t<h2 style=\"text-align: center;\"><strong><a href=\"https:\/\/laquinta.ro\/vile\/properties\/vila-1\/\">VILA 1<\/a><br \/><\/strong><\/h2><hr \/><h3>\u00a0<\/h3>\t\t\t\t\t\t\t\t<\/div>\n\t\t\t\t<div class=\"elementor-element elementor-element-4607af5 elementor-widget elementor-widget-image\" data-id=\"4607af5\" data-element_type=\"widget\" data-widget_type=\"image.default\">\n\t\t\t\t\t\t\t\t\t\t\t\t\t\t\t\t<a href=\"https:\/\/laquinta.ro\/vile\/properties\/vila-1\/\">\n\t\t\t\t\t\t\t<img fetchpriority=\"high\" decoding=\"async\" width=\"1024\" height=\"1024\" src=\"https:\/\/laquinta.ro\/vile\/wp-content\/uploads\/2025\/11\/WhatsApp-Image-2025-11-13-at-10.33.34.jpeg\" class=\"attachment-full size-full wp-image-3779\" alt=\"\" srcset=\"https:\/\/laquinta.ro\/vile\/wp-content\/uploads\/2025\/11\/WhatsApp-Image-2025-11-13-at-10.33.34.jpeg 1024w, https:\/\/laquinta.ro\/vile\/wp-content\/uploads\/2025\/11\/WhatsApp-Image-2025-11-13-at-10.33.34-300x300.jpeg 300w, https:\/\/laquinta.ro\/vile\/wp-content\/uploads\/2025\/11\/WhatsApp-Image-2025-11-13-at-10.33.34-150x150.jpeg 150w, https:\/\/laquinta.ro\/vile\/wp-content\/uploads\/2025\/11\/WhatsApp-Image-2025-11-13-at-10.33.34-768x768.jpeg 768w, https:\/\/laquinta.ro\/vile\/wp-content\/uploads\/2025\/11\/WhatsApp-Image-2025-11-13-at-10.33.34-96x96.jpeg 96w\" sizes=\"(max-width: 1024px) 100vw, 1024px\" \/>\t\t\t\t\t\t\t\t<\/a>\n\t\t\t\t\t\t\t\t\t\t\t\t\t\t\t<\/div>\n\t\t\t\t<div class=\"elementor-element elementor-element-8f9f6f3 elementor-widget elementor-widget-text-editor\" data-id=\"8f9f6f3\" data-element_type=\"widget\" data-widget_type=\"text-editor.default\">\n\t\t\t\t\t\t\t\t\t<p><span style=\"color: #000000;\"><strong data-start=\"0\" data-end=\"10\">Vila 1<\/strong>: vil\u0103 contemporan\u0103 cu compartimentare inteligent\u0103, gr\u0103din\u0103 privat\u0103 \u0219i terase generoase, structur\u0103 din beton armat, finisaje premium, t\u00e2mpl\u0103rie performant\u0103 \u0219i \u00eenc\u0103lzire \u00een pardoseal\u0103 pentru confort zilnic la standard \u00eenalt.<\/span><\/p>\t\t\t\t\t\t\t\t<\/div>\n\t\t\t\t\t<\/div>\n\t\t\t\t<\/div>\n\t\t<div class=\"elementor-element elementor-element-ed7ae0d e-flex e-con-boxed e-con e-parent\" data-id=\"ed7ae0d\" data-element_type=\"container\">\n\t\t\t\t\t<div class=\"e-con-inner\">\n\t\t\t\t<div class=\"elementor-element elementor-element-e3a81f2 elementor-widget-divider--view-line elementor-widget elementor-widget-divider\" data-id=\"e3a81f2\" data-element_type=\"widget\" data-widget_type=\"divider.default\">\n\t\t\t\t\t\t\t<div class=\"elementor-divider\">\n\t\t\t<span class=\"elementor-divider-separator\">\n\t\t\t\t\t\t<\/span>\n\t\t<\/div>\n\t\t\t\t\t\t<\/div>\n\t\t\t\t\t<\/div>\n\t\t\t\t<\/div>\n\t\t<div class=\"elementor-element elementor-element-17d60d0 e-flex e-con-boxed e-con e-parent\" data-id=\"17d60d0\" data-element_type=\"container\">\n\t\t\t\t\t<div class=\"e-con-inner\">\n\t\t\t\t<div class=\"elementor-element elementor-element-634f8ea elementor-widget elementor-widget-text-editor\" data-id=\"634f8ea\" data-element_type=\"widget\" data-widget_type=\"text-editor.default\">\n\t\t\t\t\t\t\t\t\t<h2 style=\"text-align: center;\"><a href=\"https:\/\/laquinta.ro\/vile\/properties\/vila-2\/\"><strong>Vila 2<\/strong><\/a><\/h2><hr \/>\t\t\t\t\t\t\t\t<\/div>\n\t\t\t\t<div class=\"elementor-element elementor-element-ed4484a elementor-widget elementor-widget-image\" data-id=\"ed4484a\" data-element_type=\"widget\" data-widget_type=\"image.default\">\n\t\t\t\t\t\t\t\t\t\t\t\t\t\t\t\t<a href=\"https:\/\/laquinta.ro\/vile\/properties\/vila-2\/\">\n\t\t\t\t\t\t\t<img decoding=\"async\" width=\"1536\" height=\"1024\" src=\"https:\/\/laquinta.ro\/vile\/wp-content\/uploads\/2025\/11\/WhatsApp-Image-2025-11-13-at-10.33.36-1.jpeg\" class=\"attachment-full size-full wp-image-3783\" alt=\"\" srcset=\"https:\/\/laquinta.ro\/vile\/wp-content\/uploads\/2025\/11\/WhatsApp-Image-2025-11-13-at-10.33.36-1.jpeg 1536w, https:\/\/laquinta.ro\/vile\/wp-content\/uploads\/2025\/11\/WhatsApp-Image-2025-11-13-at-10.33.36-1-300x200.jpeg 300w, https:\/\/laquinta.ro\/vile\/wp-content\/uploads\/2025\/11\/WhatsApp-Image-2025-11-13-at-10.33.36-1-1024x683.jpeg 1024w, https:\/\/laquinta.ro\/vile\/wp-content\/uploads\/2025\/11\/WhatsApp-Image-2025-11-13-at-10.33.36-1-768x512.jpeg 768w\" sizes=\"(max-width: 1536px) 100vw, 1536px\" \/>\t\t\t\t\t\t\t\t<\/a>\n\t\t\t\t\t\t\t\t\t\t\t\t\t\t\t<\/div>\n\t\t\t\t<div class=\"elementor-element elementor-element-0fbddc1 elementor-widget elementor-widget-text-editor\" data-id=\"0fbddc1\" data-element_type=\"widget\" data-widget_type=\"text-editor.default\">\n\t\t\t\t\t\t\t\t\t<p><span style=\"color: #000000;\"><strong data-start=\"0\" data-end=\"11\">Vila 2:<\/strong> vil\u0103 contemporan\u0103 pentru familie, cu zon\u0103 de zi deschis\u0103 c\u0103tre teras\u0103 \u0219i gr\u0103din\u0103, dormitoare luminoase \u0219i finisaje premium pe structur\u0103 din beton armat, cu \u00eenc\u0103lzire \u00een pardoseal\u0103 \u0219i climatizare.<\/span><\/p>\t\t\t\t\t\t\t\t<\/div>\n\t\t\t\t\t<\/div>\n\t\t\t\t<\/div>\n\t\t<div class=\"elementor-element elementor-element-245bd22 e-flex e-con-boxed e-con e-parent\" data-id=\"245bd22\" data-element_type=\"container\">\n\t\t\t\t\t<div class=\"e-con-inner\">\n\t\t\t\t<div class=\"elementor-element elementor-element-b75df72 elementor-widget-divider--view-line elementor-widget elementor-widget-divider\" data-id=\"b75df72\" data-element_type=\"widget\" data-widget_type=\"divider.default\">\n\t\t\t\t\t\t\t<div class=\"elementor-divider\">\n\t\t\t<span class=\"elementor-divider-separator\">\n\t\t\t\t\t\t<\/span>\n\t\t<\/div>\n\t\t\t\t\t\t<\/div>\n\t\t\t\t\t<\/div>\n\t\t\t\t<\/div>\n\t\t<div class=\"elementor-element elementor-element-3375c55 e-flex e-con-boxed e-con e-parent\" data-id=\"3375c55\" data-element_type=\"container\">\n\t\t\t\t\t<div class=\"e-con-inner\">\n\t\t\t\t<div class=\"elementor-element elementor-element-2aa1606 elementor-widget elementor-widget-text-editor\" data-id=\"2aa1606\" data-element_type=\"widget\" data-widget_type=\"text-editor.default\">\n\t\t\t\t\t\t\t\t\t<h2 style=\"text-align: center;\"><a href=\"https:\/\/laquinta.ro\/vile\/properties\/vila-3\/\"><strong><span style=\"color: #000000;\">Vila 3<\/span><\/strong><\/a><\/h2><hr \/>\t\t\t\t\t\t\t\t<\/div>\n\t\t\t\t<div class=\"elementor-element elementor-element-4159811 elementor-widget elementor-widget-image\" data-id=\"4159811\" data-element_type=\"widget\" data-widget_type=\"image.default\">\n\t\t\t\t\t\t\t\t\t\t\t\t\t\t\t\t<a href=\"https:\/\/laquinta.ro\/vile\/properties\/vila-3\/\">\n\t\t\t\t\t\t\t<img decoding=\"async\" width=\"1024\" height=\"1024\" src=\"https:\/\/laquinta.ro\/vile\/wp-content\/uploads\/2025\/11\/WhatsApp-Image-2025-11-13-at-10.33.33.jpeg\" class=\"attachment-full size-full wp-image-3777\" alt=\"\" srcset=\"https:\/\/laquinta.ro\/vile\/wp-content\/uploads\/2025\/11\/WhatsApp-Image-2025-11-13-at-10.33.33.jpeg 1024w, https:\/\/laquinta.ro\/vile\/wp-content\/uploads\/2025\/11\/WhatsApp-Image-2025-11-13-at-10.33.33-300x300.jpeg 300w, https:\/\/laquinta.ro\/vile\/wp-content\/uploads\/2025\/11\/WhatsApp-Image-2025-11-13-at-10.33.33-150x150.jpeg 150w, https:\/\/laquinta.ro\/vile\/wp-content\/uploads\/2025\/11\/WhatsApp-Image-2025-11-13-at-10.33.33-768x768.jpeg 768w, https:\/\/laquinta.ro\/vile\/wp-content\/uploads\/2025\/11\/WhatsApp-Image-2025-11-13-at-10.33.33-96x96.jpeg 96w\" sizes=\"(max-width: 1024px) 100vw, 1024px\" \/>\t\t\t\t\t\t\t\t<\/a>\n\t\t\t\t\t\t\t\t\t\t\t\t\t\t\t<\/div>\n\t\t\t\t<div class=\"elementor-element elementor-element-b7b9673 elementor-widget elementor-widget-text-editor\" data-id=\"b7b9673\" data-element_type=\"widget\" data-widget_type=\"text-editor.default\">\n\t\t\t\t\t\t\t\t\t<p><span style=\"color: #000000;\"><strong>Vila 3:<\/strong> vil\u0103 contemporan\u0103 pentru familie, cu zon\u0103 de zi deschis\u0103 spre teras\u0103 \u0219i gr\u0103din\u0103, dormitoare luminoase, finisaje premium pe structur\u0103 din beton armat, \u00eenc\u0103lzire \u00een pardoseal\u0103 \u0219i climatizare pentru confort zilnic.<\/span><\/p>\t\t\t\t\t\t\t\t<\/div>\n\t\t\t\t\t<\/div>\n\t\t\t\t<\/div>\n\t\t<div class=\"elementor-element elementor-element-2d5d40d e-flex e-con-boxed e-con e-parent\" data-id=\"2d5d40d\" data-element_type=\"container\">\n\t\t\t\t\t<div class=\"e-con-inner\">\n\t\t\t\t<div class=\"elementor-element elementor-element-28ea8cc elementor-widget-divider--view-line elementor-widget elementor-widget-divider\" data-id=\"28ea8cc\" data-element_type=\"widget\" data-widget_type=\"divider.default\">\n\t\t\t\t\t\t\t<div class=\"elementor-divider\">\n\t\t\t<span class=\"elementor-divider-separator\">\n\t\t\t\t\t\t<\/span>\n\t\t<\/div>\n\t\t\t\t\t\t<\/div>\n\t\t\t\t\t<\/div>\n\t\t\t\t<\/div>\n\t\t<div class=\"elementor-element elementor-element-ac8b08e e-flex e-con-boxed e-con e-parent\" data-id=\"ac8b08e\" data-element_type=\"container\">\n\t\t\t\t\t<div class=\"e-con-inner\">\n\t\t\t\t<div class=\"elementor-element elementor-element-c01ed03 elementor-widget elementor-widget-text-editor\" data-id=\"c01ed03\" data-element_type=\"widget\" data-widget_type=\"text-editor.default\">\n\t\t\t\t\t\t\t\t\t<h2 style=\"text-align: center;\"><a href=\"https:\/\/laquinta.ro\/vile\/properties\/vila-4\/\"><strong>Vila 4<\/strong><\/a><\/h2><hr \/>\t\t\t\t\t\t\t\t<\/div>\n\t\t\t\t<div class=\"elementor-element elementor-element-55d9ab0 elementor-widget elementor-widget-image\" data-id=\"55d9ab0\" data-element_type=\"widget\" data-widget_type=\"image.default\">\n\t\t\t\t\t\t\t\t\t\t\t\t\t\t\t\t<a href=\"https:\/\/laquinta.ro\/vile\/properties\/vila-4\/\">\n\t\t\t\t\t\t\t<img loading=\"lazy\" decoding=\"async\" width=\"2048\" height=\"1366\" src=\"https:\/\/laquinta.ro\/vile\/wp-content\/uploads\/2025\/11\/WhatsApp-Image-2025-11-13-at-10.33.37-3.jpeg\" class=\"attachment-full size-full wp-image-3787\" alt=\"\" srcset=\"https:\/\/laquinta.ro\/vile\/wp-content\/uploads\/2025\/11\/WhatsApp-Image-2025-11-13-at-10.33.37-3.jpeg 2048w, https:\/\/laquinta.ro\/vile\/wp-content\/uploads\/2025\/11\/WhatsApp-Image-2025-11-13-at-10.33.37-3-300x200.jpeg 300w, https:\/\/laquinta.ro\/vile\/wp-content\/uploads\/2025\/11\/WhatsApp-Image-2025-11-13-at-10.33.37-3-1024x683.jpeg 1024w, https:\/\/laquinta.ro\/vile\/wp-content\/uploads\/2025\/11\/WhatsApp-Image-2025-11-13-at-10.33.37-3-768x512.jpeg 768w, https:\/\/laquinta.ro\/vile\/wp-content\/uploads\/2025\/11\/WhatsApp-Image-2025-11-13-at-10.33.37-3-1536x1025.jpeg 1536w\" sizes=\"(max-width: 2048px) 100vw, 2048px\" \/>\t\t\t\t\t\t\t\t<\/a>\n\t\t\t\t\t\t\t\t\t\t\t\t\t\t\t<\/div>\n\t\t\t\t<div class=\"elementor-element elementor-element-7b647a7 elementor-widget elementor-widget-text-editor\" data-id=\"7b647a7\" data-element_type=\"widget\" data-widget_type=\"text-editor.default\">\n\t\t\t\t\t\t\t\t\t<p><span style=\"color: #000000;\"><strong>Vila 4:<\/strong> reziden\u021b\u0103 contemporan\u0103 pentru familie, cu living deschis c\u0103tre teras\u0103 \u0219i gr\u0103din\u0103, dormitoare luminoase \u0219i finisaje premium, pe structur\u0103 din beton armat, dotat\u0103 cu \u00eenc\u0103lzire \u00een pardoseal\u0103 \u0219i climatizare pentru confort zilnic.<\/span><\/p>\t\t\t\t\t\t\t\t<\/div>\n\t\t\t\t\t<\/div>\n\t\t\t\t<\/div>\n\t\t<div class=\"elementor-element elementor-element-e57ba5a e-flex e-con-boxed e-con e-parent\" data-id=\"e57ba5a\" data-element_type=\"container\">\n\t\t\t\t\t<div class=\"e-con-inner\">\n\t\t\t\t<div class=\"elementor-element elementor-element-449f117 elementor-widget-divider--view-line elementor-widget elementor-widget-divider\" data-id=\"449f117\" data-element_type=\"widget\" data-widget_type=\"divider.default\">\n\t\t\t\t\t\t\t<div class=\"elementor-divider\">\n\t\t\t<span class=\"elementor-divider-separator\">\n\t\t\t\t\t\t<\/span>\n\t\t<\/div>\n\t\t\t\t\t\t<\/div>\n\t\t\t\t\t<\/div>\n\t\t\t\t<\/div>\n\t\t<div class=\"elementor-element elementor-element-b689c1b e-flex e-con-boxed e-con e-parent\" data-id=\"b689c1b\" data-element_type=\"container\">\n\t\t\t\t\t<div class=\"e-con-inner\">\n\t\t\t\t<div class=\"elementor-element elementor-element-a94afe3 elementor-widget elementor-widget-text-editor\" data-id=\"a94afe3\" data-element_type=\"widget\" data-widget_type=\"text-editor.default\">\n\t\t\t\t\t\t\t\t\t<h2 style=\"text-align: center;\"><a href=\"https:\/\/laquinta.ro\/vile\/properties\/vila-5\/\"><strong>Vila 5<\/strong><\/a><\/h2><hr \/>\t\t\t\t\t\t\t\t<\/div>\n\t\t\t\t<div class=\"elementor-element elementor-element-be9265c elementor-widget elementor-widget-image\" data-id=\"be9265c\" data-element_type=\"widget\" data-widget_type=\"image.default\">\n\t\t\t\t\t\t\t\t\t\t\t\t\t\t\t\t<a href=\"https:\/\/laquinta.ro\/vile\/properties\/vila-5\/\">\n\t\t\t\t\t\t\t<img loading=\"lazy\" decoding=\"async\" width=\"1024\" height=\"1024\" src=\"https:\/\/laquinta.ro\/vile\/wp-content\/uploads\/2025\/11\/WhatsApp-Image-2025-11-13-at-10.33.34-1.jpeg\" class=\"attachment-full size-full wp-image-3778\" alt=\"\" srcset=\"https:\/\/laquinta.ro\/vile\/wp-content\/uploads\/2025\/11\/WhatsApp-Image-2025-11-13-at-10.33.34-1.jpeg 1024w, https:\/\/laquinta.ro\/vile\/wp-content\/uploads\/2025\/11\/WhatsApp-Image-2025-11-13-at-10.33.34-1-300x300.jpeg 300w, https:\/\/laquinta.ro\/vile\/wp-content\/uploads\/2025\/11\/WhatsApp-Image-2025-11-13-at-10.33.34-1-150x150.jpeg 150w, https:\/\/laquinta.ro\/vile\/wp-content\/uploads\/2025\/11\/WhatsApp-Image-2025-11-13-at-10.33.34-1-768x768.jpeg 768w, https:\/\/laquinta.ro\/vile\/wp-content\/uploads\/2025\/11\/WhatsApp-Image-2025-11-13-at-10.33.34-1-96x96.jpeg 96w\" sizes=\"(max-width: 1024px) 100vw, 1024px\" \/>\t\t\t\t\t\t\t\t<\/a>\n\t\t\t\t\t\t\t\t\t\t\t\t\t\t\t<\/div>\n\t\t\t\t<div class=\"elementor-element elementor-element-a7ed262 elementor-widget elementor-widget-text-editor\" data-id=\"a7ed262\" data-element_type=\"widget\" data-widget_type=\"text-editor.default\">\n\t\t\t\t\t\t\t\t\t<p><span style=\"color: #000000;\"><strong>Vila 5:<\/strong> reziden\u021b\u0103 contemporan\u0103 pentru familie, cu living deschis c\u0103tre teras\u0103 \u0219i gr\u0103din\u0103, dormitoare luminoase \u0219i finisaje premium, pe structur\u0103 din beton armat, cu \u00eenc\u0103lzire \u00een pardoseal\u0103 \u0219i climatizare pentru confort zilnic.<\/span><\/p>\t\t\t\t\t\t\t\t<\/div>\n\t\t\t\t\t<\/div>\n\t\t\t\t<\/div>\n\t\t<div class=\"elementor-element elementor-element-37ba45f e-flex e-con-boxed e-con e-parent\" data-id=\"37ba45f\" data-element_type=\"container\">\n\t\t\t\t\t<div class=\"e-con-inner\">\n\t\t\t\t<div class=\"elementor-element elementor-element-e338dc4 elementor-widget elementor-widget-spacer\" data-id=\"e338dc4\" data-element_type=\"widget\" data-widget_type=\"spacer.default\">\n\t\t\t\t\t\t\t<div class=\"elementor-spacer\">\n\t\t\t<div class=\"elementor-spacer-inner\"><\/div>\n\t\t<\/div>\n\t\t\t\t\t\t<\/div>\n\t\t\t\t\t<\/div>\n\t\t\t\t<\/div>\n\t\t\t\t<\/div>\n\t\t","protected":false},"excerpt":{"rendered":"<p>VILA 1 \u00a0 Vila 1: vil\u0103 contemporan\u0103 cu compartimentare inteligent\u0103, gr\u0103din\u0103 privat\u0103 \u0219i terase generoase, structur\u0103 din beton armat, finisaje premium, t\u00e2mpl\u0103rie performant\u0103 \u0219i \u00eenc\u0103lzire \u00een pardoseal\u0103 pentru confort zilnic la standard \u00eenalt. Vila 2 Vila 2: vil\u0103 contemporan\u0103 pentru familie, cu zon\u0103 de zi deschis\u0103 c\u0103tre teras\u0103 \u0219i gr\u0103din\u0103, dormitoare luminoase \u0219i finisaje premium [&hellip;]<\/p>\n","protected":false},"author":1,"featured_media":0,"parent":0,"menu_order":0,"comment_status":"closed","ping_status":"closed","template":"","meta":{"footnotes":""},"class_list":["post-1943","page","type-page","status-publish","hentry"],"_links":{"self":[{"href":"https:\/\/laquinta.ro\/vile\/wp-json\/wp\/v2\/pages\/1943","targetHints":{"allow":["GET"]}}],"collection":[{"href":"https:\/\/laquinta.ro\/vile\/wp-json\/wp\/v2\/pages"}],"about":[{"href":"https:\/\/laquinta.ro\/vile\/wp-json\/wp\/v2\/types\/page"}],"author":[{"embeddable":true,"href":"https:\/\/laquinta.ro\/vile\/wp-json\/wp\/v2\/users\/1"}],"replies":[{"embeddable":true,"href":"https:\/\/laquinta.ro\/vile\/wp-json\/wp\/v2\/comments?post=1943"}],"version-history":[{"count":218,"href":"https:\/\/laquinta.ro\/vile\/wp-json\/wp\/v2\/pages\/1943\/revisions"}],"predecessor-version":[{"id":3848,"href":"https:\/\/laquinta.ro\/vile\/wp-json\/wp\/v2\/pages\/1943\/revisions\/3848"}],"wp:attachment":[{"href":"https:\/\/laquinta.ro\/vile\/wp-json\/wp\/v2\/media?parent=1943"}],"curies":[{"name":"wp","href":"https:\/\/api.w.org\/{rel}","templated":true}]}}