{"id":862,"date":"2021-12-14T05:14:10","date_gmt":"2021-12-14T05:14:10","guid":{"rendered":"https:\/\/themedox.com\/housale\/?page_id=862"},"modified":"2025-11-01T08:37:26","modified_gmt":"2025-11-01T08:37:26","slug":"despre-noi","status":"publish","type":"page","link":"https:\/\/laquinta.ro\/vile\/despre-noi\/","title":{"rendered":"Despre dezvoltator"},"content":{"rendered":"\t\t<div data-elementor-type=\"wp-page\" data-elementor-id=\"862\" class=\"elementor elementor-862\">\n\t\t\t\t\t\t<section class=\"elementor-section elementor-top-section elementor-element elementor-element-4b03801 elementor-section-stretched elementor-section-boxed elementor-section-height-default elementor-section-height-default\" data-id=\"4b03801\" data-element_type=\"section\" data-settings=\"{&quot;stretch_section&quot;:&quot;section-stretched&quot;}\">\n\t\t\t\t\t\t<div class=\"elementor-container elementor-column-gap-default\">\n\t\t\t\t\t<div class=\"elementor-column elementor-col-50 elementor-top-column elementor-element elementor-element-5c250bf\" data-id=\"5c250bf\" data-element_type=\"column\">\n\t\t\t<div class=\"elementor-widget-wrap elementor-element-populated\">\n\t\t\t\t\t\t<div class=\"elementor-element elementor-element-b8c7655 elementor-widget elementor-widget-image\" data-id=\"b8c7655\" data-element_type=\"widget\" data-widget_type=\"image.default\">\n\t\t\t\t\t\t\t\t\t\t\t\t\t\t\t<img fetchpriority=\"high\" decoding=\"async\" width=\"1600\" height=\"900\" src=\"https:\/\/laquinta.ro\/vile\/wp-content\/uploads\/2025\/10\/WhatsApp-Image-2025-10-30-at-14.26.48.jpeg\" class=\"attachment-full size-full wp-image-3466\" alt=\"\" srcset=\"https:\/\/laquinta.ro\/vile\/wp-content\/uploads\/2025\/10\/WhatsApp-Image-2025-10-30-at-14.26.48.jpeg 1600w, https:\/\/laquinta.ro\/vile\/wp-content\/uploads\/2025\/10\/WhatsApp-Image-2025-10-30-at-14.26.48-300x169.jpeg 300w, https:\/\/laquinta.ro\/vile\/wp-content\/uploads\/2025\/10\/WhatsApp-Image-2025-10-30-at-14.26.48-1024x576.jpeg 1024w, https:\/\/laquinta.ro\/vile\/wp-content\/uploads\/2025\/10\/WhatsApp-Image-2025-10-30-at-14.26.48-768x432.jpeg 768w, https:\/\/laquinta.ro\/vile\/wp-content\/uploads\/2025\/10\/WhatsApp-Image-2025-10-30-at-14.26.48-1536x864.jpeg 1536w\" sizes=\"(max-width: 1600px) 100vw, 1600px\" \/>\t\t\t\t\t\t\t\t\t\t\t\t\t\t\t<\/div>\n\t\t\t\t\t<\/div>\n\t\t<\/div>\n\t\t\t\t<div class=\"elementor-column elementor-col-50 elementor-top-column elementor-element elementor-element-2314af8\" data-id=\"2314af8\" data-element_type=\"column\">\n\t\t\t<div class=\"elementor-widget-wrap elementor-element-populated\">\n\t\t\t\t\t\t<div class=\"elementor-element elementor-element-fe2cc8c section-title-part elementor-widget elementor-widget-heading\" data-id=\"fe2cc8c\" data-element_type=\"widget\" data-widget_type=\"heading.default\">\n\t\t\t\t\t<h4 class=\"elementor-heading-title elementor-size-default\">Despre dezvoltator<\/h4>\t\t\t\t<\/div>\n\t\t\t\t<div class=\"elementor-element elementor-element-072c7dd elementor-widget elementor-widget-text-editor\" data-id=\"072c7dd\" data-element_type=\"widget\" data-widget_type=\"text-editor.default\">\n\t\t\t\t\t\t\t\t\t<p data-start=\"148\" data-end=\"339\">La Quinta Villas este un ansamblu boutique de 5 vile premium, conceput ca un manifest de arhitectur\u0103 contemporan\u0103 \u0219i confort durabil. Fiecare vil\u0103 propune spa\u021bii luminoase, compartiment\u0103ri inteligente \u0219i finisaje selectate cu rigoare, pe o structur\u0103 robust\u0103 din beton armat. Materialele sunt certificate, instala\u021biile sanitare\/termice\/electrice sunt integrate la standard \u00eenalt, iar confortul termic este asigurat prin \u00eenc\u0103lzire \u00een pardoseal\u0103, t\u00e2mpl\u0103rie performant\u0103 \u0219i izola\u021bii atent dimensionate. Suprafe\u021bele orientative ale unit\u0103\u021bilor: construit ~384\u2013392 mp, teren ~630\u2013725 mp, terase ~65\u2013105 mp. Ansamblul urm\u0103re\u0219te o estetic\u0103 coerent\u0103, detalii executate cu precizie \u0219i o experien\u021b\u0103 de locuire fluid\u0103, \u00een care func\u021bionalitatea \u00eent\u00e2lne\u0219te elegan\u021ba discret\u0103.<\/p>\t\t\t\t\t\t\t\t<\/div>\n\t\t\t\t\t<\/div>\n\t\t<\/div>\n\t\t\t\t\t<\/div>\n\t\t<\/section>\n\t\t\t\t<section class=\"elementor-section elementor-top-section elementor-element elementor-element-6da3df4 elementor-section-stretched elementor-section-boxed elementor-section-height-default elementor-section-height-default\" data-id=\"6da3df4\" data-element_type=\"section\" data-settings=\"{&quot;stretch_section&quot;:&quot;section-stretched&quot;,&quot;background_background&quot;:&quot;classic&quot;}\">\n\t\t\t\t\t\t<div class=\"elementor-container elementor-column-gap-default\">\n\t\t\t\t\t<div class=\"elementor-column elementor-col-100 elementor-top-column elementor-element elementor-element-612082f\" data-id=\"612082f\" data-element_type=\"column\">\n\t\t\t<div class=\"elementor-widget-wrap elementor-element-populated\">\n\t\t\t\t\t\t<div class=\"elementor-element elementor-element-7da4552 elementor-widget elementor-widget-text-editor\" data-id=\"7da4552\" data-element_type=\"widget\" data-widget_type=\"text-editor.default\">\n\t\t\t\t\t\t\t\t\t<p data-start=\"148\" data-end=\"339\"><img decoding=\"async\" class=\"aligncenter wp-image-3505 size-full\" src=\"https:\/\/laquinta.ro\/vile\/wp-content\/uploads\/2025\/11\/Voluntari_PetruRares_CATALOG_PREZENTARE.pdf-2500-x-500-px.png\" alt=\"\" width=\"2500\" height=\"500\" srcset=\"https:\/\/laquinta.ro\/vile\/wp-content\/uploads\/2025\/11\/Voluntari_PetruRares_CATALOG_PREZENTARE.pdf-2500-x-500-px.png 2500w, https:\/\/laquinta.ro\/vile\/wp-content\/uploads\/2025\/11\/Voluntari_PetruRares_CATALOG_PREZENTARE.pdf-2500-x-500-px-300x60.png 300w, https:\/\/laquinta.ro\/vile\/wp-content\/uploads\/2025\/11\/Voluntari_PetruRares_CATALOG_PREZENTARE.pdf-2500-x-500-px-1024x205.png 1024w, https:\/\/laquinta.ro\/vile\/wp-content\/uploads\/2025\/11\/Voluntari_PetruRares_CATALOG_PREZENTARE.pdf-2500-x-500-px-768x154.png 768w, https:\/\/laquinta.ro\/vile\/wp-content\/uploads\/2025\/11\/Voluntari_PetruRares_CATALOG_PREZENTARE.pdf-2500-x-500-px-1536x307.png 1536w, https:\/\/laquinta.ro\/vile\/wp-content\/uploads\/2025\/11\/Voluntari_PetruRares_CATALOG_PREZENTARE.pdf-2500-x-500-px-2048x410.png 2048w\" sizes=\"(max-width: 2500px) 100vw, 2500px\" \/>\u00a0<\/p><p data-start=\"341\" data-end=\"366\">Proiecte realizate<\/p><ul data-start=\"367\" data-end=\"678\"><li data-start=\"367\" data-end=\"435\"><p data-start=\"369\" data-end=\"435\"><strong data-start=\"369\" data-end=\"379\">Tunari<\/strong> \u2013 45 de case finalizate, predate \u0219i integral v\u00e2ndute.<\/p><\/li><li data-start=\"436\" data-end=\"501\"><p data-start=\"438\" data-end=\"501\"><strong data-start=\"438\" data-end=\"449\">Chitila<\/strong> \u2013 9 hale metalice construite, predate \u0219i v\u00e2ndute.<\/p><\/li><li data-start=\"502\" data-end=\"585\"><p data-start=\"504\" data-end=\"585\"><strong data-start=\"504\" data-end=\"514\">Tunari<\/strong> \u2013 un nou proiect de 17 case, complet finalizate, v\u00e2ndute \u0219i predate.<\/p><\/li><li data-start=\"586\" data-end=\"678\"><p data-start=\"588\" data-end=\"678\"><strong data-start=\"588\" data-end=\"610\">Pipera \u2013 Voluntari<\/strong> \u2013 proiect exclusivist de 5 case, recep\u021bionate \u0219i par\u021bial v\u00e2ndute.<\/p><\/li><\/ul><p data-start=\"506\" data-end=\"532\">Valori fundamentale<\/p><ul data-start=\"533\" data-end=\"1032\"><li data-start=\"533\" data-end=\"723\"><p data-start=\"535\" data-end=\"723\"><strong data-start=\"535\" data-end=\"547\">Calitate<\/strong> \u2013 fiecare proiect este construit cu aten\u021bie la detalii, utiliz\u00e2nd materiale premium \u0219i solu\u021bii moderne, pentru a asigura confort, durabilitate \u0219i satisfac\u021bie pe termen lung.<\/p><\/li><li data-start=\"724\" data-end=\"875\"><p data-start=\"726\" data-end=\"875\"><strong data-start=\"726\" data-end=\"743\">Promptitudine<\/strong> \u2013 respectarea termenelor de execu\u021bie \u0219i livrare este o prioritate, garant\u00e2nd predictibilitate \u0219i \u00eencredere pentru fiecare client.<\/p><\/li><li data-start=\"876\" data-end=\"1032\"><p data-start=\"878\" data-end=\"1032\"><strong data-start=\"878\" data-end=\"895\">Corectitudine<\/strong> \u2013 transparen\u021ba, seriozitatea \u0219i respectul fa\u021b\u0103 de clien\u021bi \u0219i parteneri definesc modul de lucru, construind rela\u021bii solide \u0219i durabile.<\/p><\/li><\/ul><p data-start=\"187\" data-end=\"250\">Unde arhitectura vizionar\u0103 \u00eent\u00e2lne\u0219te viziunea dumneavoastr\u0103<\/p><p data-start=\"252\" data-end=\"590\">La Quinta Villas seteaz\u0103 un nou standard de calitate \u00een domeniul imobiliar. Nu construim doar locuin\u021be, ci cre\u0103m un cadru de via\u021b\u0103: confort, siguran\u021b\u0103 \u0219i tihn\u0103 la superlativ, sus\u021binute de tehnologie \u0219i design atent g\u00e2ndit. Noi am pus funda\u021bia \u2013 un ecosistem de spa\u021bii meticulos \u00eengrijite. <strong data-start=\"541\" data-end=\"567\">Misiunea dumneavoastr\u0103<\/strong> este s\u0103-i da\u021bi suflet.<\/p><p data-start=\"592\" data-end=\"868\"><strong data-start=\"592\" data-end=\"604\">Misiune.<\/strong> S\u0103 construim case \u00een care te \u00eentorci cu pl\u0103cere: materiale alese, execu\u021bie riguroas\u0103, facilit\u0103\u021bi de ultim\u0103 or\u0103 \u0219i o vecin\u0103tate care inspir\u0103.<br data-start=\"745\" data-end=\"748\" \/><strong data-start=\"748\" data-end=\"760\">Viziune.<\/strong> O comunitate unit\u0103, ghidat\u0103 de valori \u0219i bun\u0103-cuviin\u021b\u0103 urban\u0103, reper de bune practici pentru \u00eentreaga zon\u0103.<\/p><hr data-start=\"870\" data-end=\"873\" \/><p data-start=\"875\" data-end=\"889\"><strong>Lifestyle<\/strong><\/p><p data-start=\"890\" data-end=\"950\"><strong data-start=\"890\" data-end=\"950\">Standarde mai \u00eenalte pentru un stil de via\u021b\u0103 de neegalat<\/strong><\/p><p data-start=\"952\" data-end=\"1309\">Cum arat\u0103, pentru tine, un lifestyle de invidiat? Pentru noi \u00eenseamn\u0103 rafinament f\u0103r\u0103 ostenta\u021bie, spa\u021bii luminoase \u0219i func\u021bionale, plus acces la servicii de top. \u00cen noua ta cas\u0103 din La Quinta Villas te bucuri de ce e mai bun din ambele lumi: lini\u0219tea naturii \u0219i proximitatea ora\u0219ului \u2013 energie, oportunit\u0103\u021bi, o via\u021b\u0103 social\u0103 \u0219i profesional\u0103 care \u00eenflore\u0219te.<\/p><hr data-start=\"1311\" data-end=\"1314\" \/><p data-start=\"1316\" data-end=\"1328\"><strong>Loca\u021bie<\/strong><\/p><p data-start=\"1329\" data-end=\"1465\"><strong data-start=\"1329\" data-end=\"1364\">Petru Rare\u0219 9, Voluntari, Ilfov<\/strong> \u2013 o adres\u0103 discret\u0103, excelent conectat\u0103 la <strong data-start=\"1408\" data-end=\"1418\">Pipera<\/strong>, <strong data-start=\"1420\" data-end=\"1437\">Iancu Nicolae<\/strong> \u0219i centrul Bucure\u0219tiului.<\/p><ul data-start=\"1466\" data-end=\"1860\"><li data-start=\"1466\" data-end=\"1576\"><p data-start=\"1468\" data-end=\"1576\"><strong data-start=\"1468\" data-end=\"1483\">Timp liber:<\/strong> la c\u00e2teva minute de <strong data-start=\"1504\" data-end=\"1529\">Stejarii Country Club<\/strong> \u2013 fitness, spa, tenis, piscin\u0103, restaurante.<\/p><\/li><li data-start=\"1577\" data-end=\"1693\"><p data-start=\"1579\" data-end=\"1693\"><strong data-start=\"1579\" data-end=\"1606\">Magazine &amp; restaurante:<\/strong> aproape de <strong data-start=\"1618\" data-end=\"1643\">B\u0103neasa Shopping City<\/strong>, <strong data-start=\"1645\" data-end=\"1660\">Jolie Ville<\/strong>, <strong data-start=\"1662\" data-end=\"1690\">Strip Mall Iancu Nicolae<\/strong>.<\/p><\/li><li data-start=\"1694\" data-end=\"1860\"><p data-start=\"1696\" data-end=\"1860\"><strong data-start=\"1696\" data-end=\"1709\">Educa\u021bie:<\/strong> \u00een imediata vecin\u0103tate a \u0219colilor interna\u021bionale de top \u2013 <strong data-start=\"1768\" data-end=\"1801\">Cambridge School of Bucharest<\/strong>, <strong data-start=\"1803\" data-end=\"1821\">British School<\/strong>, <strong data-start=\"1823\" data-end=\"1842\">American School<\/strong>, <strong data-start=\"1844\" data-end=\"1859\">Olga Gudynn<\/strong>.<\/p><\/li><\/ul><hr data-start=\"1862\" data-end=\"1865\" \/><p data-start=\"1867\" data-end=\"1899\"><strong>Facilit\u0103\u021bi La Quinta Villas<\/strong><\/p><p data-start=\"1900\" data-end=\"1951\"><strong data-start=\"1900\" data-end=\"1923\">\u201eTraiul f\u0103r\u0103 cusur\u201d<\/strong> se vede \u00een fiecare detaliu.<\/p><ul data-start=\"1953\" data-end=\"2334\"><li data-start=\"1953\" data-end=\"2065\"><p data-start=\"1955\" data-end=\"2065\"><strong data-start=\"1955\" data-end=\"1983\">Mereu aproape de natur\u0103.<\/strong> Verdea\u021b\u0103, arbori maturi, aer curat \u2013 un cadru s\u0103n\u0103tos pentru via\u021ba de zi cu zi.<\/p><\/li><li data-start=\"2066\" data-end=\"2205\"><p data-start=\"2068\" data-end=\"2205\"><strong data-start=\"2068\" data-end=\"2095\">Accesibilitate sporit\u0103.<\/strong> Conectare rapid\u0103 c\u0103tre \u0218oseaua de Centur\u0103, A3 \u0219i principalele puncte de interes din Pipera \u2013 Iancu Nicolae.<\/p><\/li><li data-start=\"2206\" data-end=\"2334\"><p data-start=\"2208\" data-end=\"2334\"><strong data-start=\"2208\" data-end=\"2247\">Materiale \u0219i finisaje excep\u021bionale.<\/strong> Texturi nobile, selec\u021bie de branduri consacrate \u0219i execu\u021bie cu aten\u021bie pentru detalii.<\/p><\/li><\/ul><hr data-start=\"2336\" data-end=\"2339\" \/><p data-start=\"2341\" data-end=\"2368\"><strong>Construc\u021bie &amp; finisaje<\/strong><\/p><p data-start=\"2369\" data-end=\"2422\"><strong data-start=\"2369\" data-end=\"2422\">Materiale \u0219i execu\u021bie la standarde interna\u021bionale<\/strong><\/p><ul data-start=\"2424\" data-end=\"3068\"><li data-start=\"2424\" data-end=\"2544\"><p data-start=\"2426\" data-end=\"2544\"><strong data-start=\"2426\" data-end=\"2448\">Structur\u0103 robust\u0103.<\/strong> Funda\u021bii \u0219i cadre din beton armat, plan\u0219ee solide, g\u00e2ndite pentru stabilitate pe termen lung.<\/p><\/li><li data-start=\"2545\" data-end=\"2658\"><p data-start=\"2547\" data-end=\"2658\"><strong data-start=\"2547\" data-end=\"2573\">Materiale certificate.<\/strong> Solu\u021bii verificate conform standardelor europene, aplicate de echipe specializate.<\/p><\/li><li data-start=\"2659\" data-end=\"2774\"><p data-start=\"2661\" data-end=\"2774\"><strong data-start=\"2661\" data-end=\"2684\">Instala\u021bii premium.<\/strong> Sanitare, termice \u0219i electrice integrate curat, cu accent pe eficien\u021b\u0103 \u0219i durabilitate.<\/p><\/li><li data-start=\"2775\" data-end=\"2922\"><p data-start=\"2777\" data-end=\"2922\"><strong data-start=\"2777\" data-end=\"2803\">Confort termic sporit.<\/strong> \u00cenc\u0103lzire \u00een pardoseal\u0103, t\u00e2mpl\u0103rie performant\u0103, izola\u021bii atent dimensionate \u2013 confort constant, indiferent de sezon.<\/p><\/li><li data-start=\"2923\" data-end=\"3068\"><p data-start=\"2925\" data-end=\"3068\"><strong data-start=\"2925\" data-end=\"2952\">Siguran\u021b\u0103 &amp; mobilitate.<\/strong> Infrastructur\u0103 complet\u0103 pentru o via\u021b\u0103 modern\u0103: prize corect pozi\u021bionate, trasee TV\/internet, iluminat bine g\u00e2ndit.<\/p><\/li><\/ul><p data-start=\"3380\" data-end=\"3405\"><strong>De ce La Quinta Villas?<\/strong><\/p><ul data-start=\"3406\" data-end=\"3613\"><li data-start=\"3406\" data-end=\"3486\"><p data-start=\"3408\" data-end=\"3486\">Arhitectur\u0103 contemporan\u0103, propor\u021bii elegante, lumin\u0103 natural\u0103 din abunden\u021b\u0103.<\/p><\/li><li data-start=\"3487\" data-end=\"3555\"><p data-start=\"3489\" data-end=\"3555\">Comunitate atent curatoriat\u0103, standarde de convie\u021buire ridicate.<\/p><\/li><li data-start=\"3556\" data-end=\"3613\"><p data-start=\"3558\" data-end=\"3613\">Loca\u021bie echilibrat\u0103: lini\u0219te acas\u0103, ora\u0219ul la doi pa\u0219i.<\/p><\/li><\/ul>\t\t\t\t\t\t\t\t<\/div>\n\t\t\t\t\t<\/div>\n\t\t<\/div>\n\t\t\t\t\t<\/div>\n\t\t<\/section>\n\t\t\t\t<section class=\"elementor-section elementor-top-section elementor-element elementor-element-f986bc9 elementor-section-full_width elementor-section-stretched elementor-section-height-default elementor-section-height-default\" data-id=\"f986bc9\" data-element_type=\"section\" data-settings=\"{&quot;stretch_section&quot;:&quot;section-stretched&quot;}\">\n\t\t\t\t\t\t<div class=\"elementor-container elementor-column-gap-no\">\n\t\t\t\t\t<div class=\"elementor-column elementor-col-100 elementor-top-column elementor-element elementor-element-26fcc6b\" data-id=\"26fcc6b\" data-element_type=\"column\">\n\t\t\t<div class=\"elementor-widget-wrap elementor-element-populated\">\n\t\t\t\t\t\t<div class=\"elementor-element elementor-element-a50465d elementor-widget elementor-widget-theme-slider-two\" data-id=\"a50465d\" data-element_type=\"widget\" data-widget_type=\"theme-slider-two.default\">\n\t\t\t\t<div class=\"elementor-widget-container\">\n\t\t\t\t\t\t\t\n\t<script type=\"text\/javascript\">\n\t\n\t\tjQuery(document).ready(function ($) {\n\t\t\t\n\t\t\tfunction rtl_slick(){\n\t\t\t\tif ($('body').hasClass(\"rtl\")) {\n\t\t\t\t   return true;\n\t\t\t\t} else {\n\t\t\t\t   return false;\n\t\t\t}}\n\t\t\t\n\n\t\t\t\/* Main Slider *\/\n\t\t\t$('.slider-style-two').slick({\n\t\t\t\t\n\t\t\t\tinfinite: true,\n\t\t\t\tfade: false,\n\t\t\t\tdots: true,\n\t\t\t\tarrows: false,\n\t\t\t\tautoplay: false,\n\t\t\t\tspeed: 800,\n\t\t\t\tslidesToShow: 1,\n\t\t\t\trtl: rtl_slick(),\n\n\t\t\t\tprevArrow: '<div class=\"slide-arrow-left\"><i class=\"fas fa-long-arrow-alt-left\"><\/i><\/div>',\n\t\t\t\tnextArrow: '<div class=\"slide-arrow-right\"><i class=\"fas fa-long-arrow-alt-right\"><\/i><\/div>',\n\t\t\t\t\n\t\t\t\t\n\n\t\t\t });\n\n\t\t});\n    <\/script> \n\t\t\n\t\t<div class=\"theme-slider-area-wrap theme-slider-two\">\n\t\t\n\t\t<div class=\"theme-slider-area slider-style-two\" style=\"position:relative;\">\n\t\t\n\t\t\t\t\t\n\t\t\t<div class=\"slider-inner-wrapper\">\n\t\t\t\n\t\t\t\t<div class=\"slide-item\" style=\"background-image:url(https:\/\/laquinta.ro\/vile\/wp-content\/uploads\/2025\/10\/WhatsApp-Image-2025-10-30-at-14.26.49.jpeg;)\">\n\t\t\t\t\n\t\t\t\t<div class=\"slide-content-wrapper slider-content-two-inner\">\n\t\t\t\t\n\t\t\t\t\t<div class=\"container\">\n\t\t\t\t\t\t<div class=\"row\">\n\t\t\t\t\t\t\n\t\t\t\t\t\t\t<div class=\"slide-content\">\n\t\t\t\t\t\t\t\t<h1 class=\"slide-title-one\">Confort proiectat la milimetru<\/h1>\n\n\t\t\t\t\t\t\t\t<div class=\"slider-btn-wrapper\">\n\t\t\t\t\t\t\t\t\t<a class=\"boxed-btn btn-rounded\" href=\"#\">Vezi Vilele<\/a>\n\t\t\t\t\t\t\t\t<\/div>\n\t\t\t\t\t\t\t\n\n\t\t\t\t\t\t\t<\/div>\n\t\t\t\t\t\t<\/div>\n\t\t\t\t\t<\/div>\n\t\t\t\t<\/div>\n\n\t\t\t\t<\/div>\n\t\t\t\t\n\t\t\t\t\n\t\t\t<\/div>\n\t\t\n\t\t\t\t\t\n\t\t\t<div class=\"slider-inner-wrapper\">\n\t\t\t\n\t\t\t\t<div class=\"slide-item\" style=\"background-image:url(https:\/\/laquinta.ro\/vile\/wp-content\/uploads\/2025\/10\/WhatsApp-Image-2025-10-30-at-14.26.48.jpeg;)\">\n\t\t\t\t\n\t\t\t\t<div class=\"slide-content-wrapper slider-content-two-inner\">\n\t\t\t\t\n\t\t\t\t\t<div class=\"container\">\n\t\t\t\t\t\t<div class=\"row\">\n\t\t\t\t\t\t\n\t\t\t\t\t\t\t<div class=\"slide-content\">\n\t\t\t\t\t\t\t\t<h1 class=\"slide-title-one\">Arhitectur\u0103 care inspir\u0103<\/h1>\n\n\t\t\t\t\t\t\t\t<div class=\"slider-btn-wrapper\">\n\t\t\t\t\t\t\t\t\t<a class=\"boxed-btn btn-rounded\" href=\"#\">Vezi Vilele<\/a>\n\t\t\t\t\t\t\t\t<\/div>\n\t\t\t\t\t\t\t\n\n\t\t\t\t\t\t\t<\/div>\n\t\t\t\t\t\t<\/div>\n\t\t\t\t\t<\/div>\n\t\t\t\t<\/div>\n\n\t\t\t\t<\/div>\n\t\t\t\t\n\t\t\t\t\n\t\t\t<\/div>\n\t\t\n\t\t\t\n\t\t\n\t\t\n\t\t\n\t\t<\/div>\n\t\t\n\t\t<\/div>\n\t\t\n\t\n\t\t\t\t\t\t<\/div>\n\t\t\t\t<\/div>\n\t\t\t\t\t<\/div>\n\t\t<\/div>\n\t\t\t\t\t<\/div>\n\t\t<\/section>\n\t\t\t\t<section class=\"elementor-section elementor-top-section elementor-element elementor-element-0b379f9 elementor-section-stretched elementor-section-boxed elementor-section-height-default elementor-section-height-default\" data-id=\"0b379f9\" data-element_type=\"section\" data-settings=\"{&quot;stretch_section&quot;:&quot;section-stretched&quot;,&quot;background_background&quot;:&quot;classic&quot;}\">\n\t\t\t\t\t\t<div class=\"elementor-container elementor-column-gap-default\">\n\t\t\t\t\t<div class=\"elementor-column elementor-col-100 elementor-top-column elementor-element elementor-element-1e046d9\" data-id=\"1e046d9\" data-element_type=\"column\">\n\t\t\t<div class=\"elementor-widget-wrap elementor-element-populated\">\n\t\t\t\t\t\t<div class=\"elementor-element elementor-element-3570a64 elementor-widget elementor-widget-prime-slider-fiestar\" data-id=\"3570a64\" data-element_type=\"widget\" data-widget_type=\"prime-slider-fiestar.default\">\n\t\t\t\t\t        <div class=\"bdt-prime-slider\">\n            <div id=\"bdt-prime-slider-3570a64\" class=\"bdt-fiestar-slider elementor-swiper\" data-settings=\"{&quot;autoplay&quot;:{&quot;delay&quot;:5000},&quot;loop&quot;:true,&quot;speed&quot;:900,&quot;slidesPerView&quot;:1,&quot;slidesPerGroup&quot;:1,&quot;centeredSlides&quot;:true,&quot;effect&quot;:&quot;slide&quot;,&quot;parallax&quot;:true,&quot;breakpoints&quot;:{&quot;767&quot;:{&quot;slidesPerView&quot;:3,&quot;spaceBetween&quot;:20,&quot;slidesPerGroup&quot;:1},&quot;1023&quot;:{&quot;slidesPerView&quot;:3,&quot;spaceBetween&quot;:20,&quot;slidesPerGroup&quot;:1}},&quot;navigation&quot;:{&quot;nextEl&quot;:&quot;#bdt-prime-slider-3570a64 .bdt-navigation-next&quot;,&quot;prevEl&quot;:&quot;#bdt-prime-slider-3570a64 .bdt-navigation-prev&quot;},&quot;lazy&quot;:{&quot;loadPrevNext&quot;:&quot;true&quot;}}\">\n                <div class=\"bdt-center-slider\" role=\"region\" aria-roledescription=\"carousel\" aria-label=\"Fiestar Slider\" dir=\"ltr\">\n                    <div class=\"swiper-wrapper\">\n                            <div class=\"bdt-item swiper-slide\">\n            <div class=\"bdt-img-wrap\">\n                <img decoding=\"async\" width=\"1920\" height=\"1080\" src=\"https:\/\/laquinta.ro\/vile\/wp-content\/uploads\/2025\/10\/Untitled-design-17.jpg\" class=\"bdt-img swiper-lazy\" alt=\"5 criterii rapide prin care recuno\u0219ti o vil\u0103 bine construit\u0103\" srcset=\"https:\/\/laquinta.ro\/vile\/wp-content\/uploads\/2025\/10\/Untitled-design-17.jpg 1920w, https:\/\/laquinta.ro\/vile\/wp-content\/uploads\/2025\/10\/Untitled-design-17-300x169.jpg 300w, https:\/\/laquinta.ro\/vile\/wp-content\/uploads\/2025\/10\/Untitled-design-17-1024x576.jpg 1024w, https:\/\/laquinta.ro\/vile\/wp-content\/uploads\/2025\/10\/Untitled-design-17-768x432.jpg 768w, https:\/\/laquinta.ro\/vile\/wp-content\/uploads\/2025\/10\/Untitled-design-17-1536x864.jpg 1536w\" sizes=\"(max-width: 1920px) 100vw, 1920px\" \/>            <\/div>\n            <div class=\"bdt-content\">\n                        <div class=\"bdt-category\" data-reveal=\"reveal-active\">\n        <a href=\"https:\/\/laquinta.ro\/vile\/category\/residence\/\" rel=\"tag\">Residence<\/a>        <\/div>\n                        <h3 class=\"bdt-title\" data-reveal=\"reveal-active\">\n                <a href=\"https:\/\/laquinta.ro\/vile\/5-criterii-rapide-prin-care-recunosti-o-vila-bine-construita\/\" title=\"5 criterii rapide prin care recuno\u0219ti o vil\u0103 bine construit\u0103\">\n                    5 criterii rapide prin care recuno\u0219ti o vil\u0103 bine construit\u0103\n                <\/a>\n            <\/h3>            <\/div>\n                    <\/div>\n                <div class=\"bdt-item swiper-slide\">\n            <div class=\"bdt-img-wrap\">\n                <img loading=\"lazy\" decoding=\"async\" width=\"1920\" height=\"1080\" src=\"https:\/\/laquinta.ro\/vile\/wp-content\/uploads\/2025\/10\/Untitled-design-16.jpg\" class=\"bdt-img swiper-lazy\" alt=\"Arhitectur\u0103 contemporan\u0103, confort real\" srcset=\"https:\/\/laquinta.ro\/vile\/wp-content\/uploads\/2025\/10\/Untitled-design-16.jpg 1920w, https:\/\/laquinta.ro\/vile\/wp-content\/uploads\/2025\/10\/Untitled-design-16-300x169.jpg 300w, https:\/\/laquinta.ro\/vile\/wp-content\/uploads\/2025\/10\/Untitled-design-16-1024x576.jpg 1024w, https:\/\/laquinta.ro\/vile\/wp-content\/uploads\/2025\/10\/Untitled-design-16-768x432.jpg 768w, https:\/\/laquinta.ro\/vile\/wp-content\/uploads\/2025\/10\/Untitled-design-16-1536x864.jpg 1536w\" sizes=\"(max-width: 1920px) 100vw, 1920px\" \/>            <\/div>\n            <div class=\"bdt-content\">\n                        <div class=\"bdt-category\" data-reveal=\"reveal-active\">\n        <a href=\"https:\/\/laquinta.ro\/vile\/category\/residence\/\" rel=\"tag\">Residence<\/a>        <\/div>\n                        <h3 class=\"bdt-title\" data-reveal=\"reveal-active\">\n                <a href=\"https:\/\/laquinta.ro\/vile\/rhitectura-contemporana-confort-real\/\" title=\"Arhitectur\u0103 contemporan\u0103, confort real\">\n                    Arhitectur\u0103 contemporan\u0103, confort real\n                <\/a>\n            <\/h3>            <\/div>\n                    <\/div>\n                            <\/div>\n\n                                        <div class=\"bdt-navigation-wrap reveal-muted\">\n                        <div class=\"bdt-navigation-prev\">\n                            <i class=\"ps-wi-arrow-left-8\"><\/i>\n                        <\/div>\n                        <div class=\"bdt-navigation-next\">\n                            <i class=\"ps-wi-arrow-right-8\"><\/i>\n                        <\/div>\n                    <\/div>\n                    \n                <\/div>\n            <\/div>\n        <\/div>\n        \t\t\t\t<\/div>\n\t\t\t\t\t<\/div>\n\t\t<\/div>\n\t\t\t\t\t<\/div>\n\t\t<\/section>\n\t\t\t\t<\/div>\n\t\t","protected":false},"excerpt":{"rendered":"<p>Despre dezvoltator La Quinta Villas este un ansamblu boutique de 5 vile premium, conceput ca un manifest de arhitectur\u0103 contemporan\u0103 \u0219i confort durabil. Fiecare vil\u0103 propune spa\u021bii luminoase, compartiment\u0103ri inteligente \u0219i finisaje selectate cu rigoare, pe o structur\u0103 robust\u0103 din beton armat. Materialele sunt certificate, instala\u021biile sanitare\/termice\/electrice sunt integrate la standard \u00eenalt, iar confortul termic [&hellip;]<\/p>\n","protected":false},"author":1,"featured_media":0,"parent":0,"menu_order":0,"comment_status":"closed","ping_status":"closed","template":"","meta":{"footnotes":""},"class_list":["post-862","page","type-page","status-publish","hentry"],"_links":{"self":[{"href":"https:\/\/laquinta.ro\/vile\/wp-json\/wp\/v2\/pages\/862","targetHints":{"allow":["GET"]}}],"collection":[{"href":"https:\/\/laquinta.ro\/vile\/wp-json\/wp\/v2\/pages"}],"about":[{"href":"https:\/\/laquinta.ro\/vile\/wp-json\/wp\/v2\/types\/page"}],"author":[{"embeddable":true,"href":"https:\/\/laquinta.ro\/vile\/wp-json\/wp\/v2\/users\/1"}],"replies":[{"embeddable":true,"href":"https:\/\/laquinta.ro\/vile\/wp-json\/wp\/v2\/comments?post=862"}],"version-history":[{"count":46,"href":"https:\/\/laquinta.ro\/vile\/wp-json\/wp\/v2\/pages\/862\/revisions"}],"predecessor-version":[{"id":3509,"href":"https:\/\/laquinta.ro\/vile\/wp-json\/wp\/v2\/pages\/862\/revisions\/3509"}],"wp:attachment":[{"href":"https:\/\/laquinta.ro\/vile\/wp-json\/wp\/v2\/media?parent=862"}],"curies":[{"name":"wp","href":"https:\/\/api.w.org\/{rel}","templated":true}]}}